{"id":324,"date":"2019-02-12T01:29:05","date_gmt":"2019-02-12T01:29:05","guid":{"rendered":"http:\/\/akademi.bgmcoaching.com.tr\/index.php\/my-account\/"},"modified":"2021-04-22T01:54:45","modified_gmt":"2021-04-21T22:54:45","slug":"my-account","status":"publish","type":"page","link":"http:\/\/akademi.bgmcoaching.com.tr\/index.php\/my-account\/","title":{"rendered":"My Account"},"content":{"rendered":"\t\t<div data-elementor-type=\"wp-post\" data-elementor-id=\"324\" class=\"elementor elementor-324\" data-elementor-settings=\"[]\">\n\t\t\t\t\t\t\t<div class=\"elementor-section-wrap\">\n\t\t\t\t\t\t\t<section class=\"elementor-section elementor-top-section elementor-element elementor-element-32cc8b1e elementor-section-boxed elementor-section-height-default elementor-section-height-default\" data-id=\"32cc8b1e\" data-element_type=\"section\" data-settings=\"{&quot;background_background&quot;:&quot;gradient&quot;}\">\n\t\t\t\t\t\t<div class=\"elementor-container elementor-column-gap-default\">\n\t\t\t\t\t<div class=\"elementor-column elementor-col-100 elementor-top-column elementor-element elementor-element-207fde47\" data-id=\"207fde47\" data-element_type=\"column\">\n\t\t\t<div class=\"elementor-widget-wrap elementor-element-populated\">\n\t\t\t\t\t\t\t\t<div class=\"elementor-element elementor-element-bf92015 elementor-position-top elementor-vertical-align-top elementor-widget elementor-widget-image-box\" data-id=\"bf92015\" data-element_type=\"widget\" data-widget_type=\"image-box.default\">\n\t\t\t\t<div class=\"elementor-widget-container\">\n\t\t\t<div class=\"elementor-image-box-wrapper\"><div class=\"elementor-image-box-content\"><h1 class=\"elementor-image-box-title\">Hesab\u0131m<\/h1><\/div><\/div>\t\t<\/div>\n\t\t\t\t<\/div>\n\t\t\t\t\t<\/div>\n\t\t<\/div>\n\t\t\t\t\t\t\t<\/div>\n\t\t<\/section>\n\t\t\t\t<section class=\"elementor-section elementor-top-section elementor-element elementor-element-e6d3c76 elementor-section-content-middle elementor-section-boxed elementor-section-height-default elementor-section-height-default\" data-id=\"e6d3c76\" data-element_type=\"section\" data-settings=\"{&quot;background_background&quot;:&quot;classic&quot;}\">\n\t\t\t\t\t\t<div class=\"elementor-container elementor-column-gap-default\">\n\t\t\t\t\t<div class=\"elementor-column elementor-col-100 elementor-top-column elementor-element elementor-element-681449d5\" data-id=\"681449d5\" data-element_type=\"column\">\n\t\t\t<div class=\"elementor-widget-wrap elementor-element-populated\">\n\t\t\t\t\t\t\t\t<div class=\"elementor-element elementor-element-1726973e elementor-widget elementor-widget-shortcode\" data-id=\"1726973e\" data-element_type=\"widget\" data-widget_type=\"shortcode.default\">\n\t\t\t\t<div class=\"elementor-widget-container\">\n\t\t\t\t\t<div class=\"elementor-shortcode\"><\/div>\n\t\t\t\t<\/div>\n\t\t\t\t<\/div>\n\t\t\t\t<div class=\"elementor-element elementor-element-d7b674a elementor-widget elementor-widget-shortcode\" data-id=\"d7b674a\" data-element_type=\"widget\" data-widget_type=\"shortcode.default\">\n\t\t\t\t<div class=\"elementor-widget-container\">\n\t\t\t\t\t<div class=\"elementor-shortcode\"><div class=\"learndash-wrapper\"><a class=\"ld-login ld-login ld-login-text ld-login-button ld-button\" href=\"#login\"><span class=\"ld-icon ld-icon-login ld-icon-left\"><\/span>Giri\u015f<\/a><\/div><\/div>\n\t\t\t\t<\/div>\n\t\t\t\t<\/div>\n\t\t\t\t\t<\/div>\n\t\t<\/div>\n\t\t\t\t\t\t\t<\/div>\n\t\t<\/section>\n\t\t\t\t<section class=\"elementor-section elementor-top-section elementor-element elementor-element-715ce554 elementor-section-boxed elementor-section-height-default elementor-section-height-default\" data-id=\"715ce554\" data-element_type=\"section\" data-settings=\"{&quot;background_background&quot;:&quot;classic&quot;}\">\n\t\t\t\t\t\t<div class=\"elementor-container elementor-column-gap-default\">\n\t\t\t\t\t<div class=\"elementor-column elementor-col-100 elementor-top-column elementor-element elementor-element-29407310\" data-id=\"29407310\" data-element_type=\"column\">\n\t\t\t<div class=\"elementor-widget-wrap elementor-element-populated\">\n\t\t\t\t\t\t\t\t<div class=\"elementor-element elementor-element-2b727daf elementor-position-top elementor-vertical-align-top elementor-widget elementor-widget-image-box\" data-id=\"2b727daf\" data-element_type=\"widget\" data-widget_type=\"image-box.default\">\n\t\t\t\t<div class=\"elementor-widget-container\">\n\t\t\t<div class=\"elementor-image-box-wrapper\"><div class=\"elementor-image-box-content\"><h2 class=\"elementor-image-box-title\">Sana \u00d6nerdi\u011fimiz Di\u011fer Kurslar\u0131m\u0131z<\/h2><\/div><\/div>\t\t<\/div>\n\t\t\t\t<\/div>\n\t\t\t\t<div class=\"elementor-element elementor-element-27ccdd0e elementor-widget elementor-widget-shortcode\" data-id=\"27ccdd0e\" data-element_type=\"widget\" data-widget_type=\"shortcode.default\">\n\t\t\t\t<div class=\"elementor-widget-container\">\n\t\t\t\t\t<div class=\"elementor-shortcode\"><div id=\"ld_course_list\"><div id=\"ld-course-list-content-2064e2db5bf8930c45be50235365e12c\" class=\"ld-course-list-content\" data-shortcode-atts=\"{&quot;categoryselector&quot;:&quot;true&quot;,&quot;progress_bar&quot;:&quot;true&quot;,&quot;order&quot;:&quot;asc&quot;,&quot;col&quot;:&quot;3&quot;}\">\n\t\t\t<div class=\"ld-course-list-items row\">\n\t<div class=\"ld_course_grid col-sm-8 col-md-4 \">\n\t<article id=\"post-69\" class=\" learndash-not-available learndash-incomplete thumbnail course post-69 sfwd-courses type-sfwd-courses status-publish has-post-thumbnail hentry ld_course_category-free\">\n\t\t\t\t\t\t\t\t<div class=\"ld_course_grid_price custom\">\n\t\t\t\tYeni\t\t\t<\/div>\n\t\t\t\n\t\t\t\t\t\t<a href=\"http:\/\/akademi.bgmcoaching.com.tr\/index.php\/courses\/social-media-marketing\/\" rel=\"bookmark\">\n\t\t\t\t<img width=\"400\" height=\"223\" src=\"http:\/\/akademi.bgmcoaching.com.tr\/wp-content\/uploads\/2019\/05\/course-1-free-img-400x223.jpg\" class=\"attachment-course-thumb size-course-thumb wp-post-image\" alt=\"\" loading=\"lazy\" srcset=\"http:\/\/akademi.bgmcoaching.com.tr\/wp-content\/uploads\/2019\/05\/course-1-free-img-400x223.jpg 400w, http:\/\/akademi.bgmcoaching.com.tr\/wp-content\/uploads\/2019\/05\/course-1-free-img-600x334.jpg 600w, http:\/\/akademi.bgmcoaching.com.tr\/wp-content\/uploads\/2019\/05\/course-1-free-img-300x167.jpg 300w, http:\/\/akademi.bgmcoaching.com.tr\/wp-content\/uploads\/2019\/05\/course-1-free-img-768x428.jpg 768w, http:\/\/akademi.bgmcoaching.com.tr\/wp-content\/uploads\/2019\/05\/course-1-free-img.jpg 1024w\" sizes=\"(max-width: 400px) 100vw, 400px\" \/>\t\t\t<\/a>\n\t\t\t\t\t\n\t\t\t\t\t<div class=\"caption\">\n\t\t\t\t<h3 class=\"entry-title\">Bgm Deneme Kursu<\/h3>\n\t\t\t\t\t\t\t\t<p class=\"entry-content\">Lorem ipsum dolor sit amet, consectetur adipiscing elit pellentesque porta.\r\n\r\n<\/p>\n\t\t\t\t\t\t\t\t<p class=\"ld_course_grid_button\"><a class=\"btn btn-primary\" role=\"button\" href=\"http:\/\/akademi.bgmcoaching.com.tr\/index.php\/courses\/social-media-marketing\/\" rel=\"bookmark\">Kursu \u0130ncele<\/a><\/p>\n\t\t\t\t\t\t\t\t\t\t\t\t\t\t\t<p><\/p>\n\t\t\t\t\t\t\t\t\t\t\t\t<\/div><!-- .entry-header -->\n\t\t\t<\/article><!-- #post-## -->\n<\/div><!-- .ld_course_grid -->\n<div class=\"ld_course_grid col-sm-8 col-md-4 \">\n\t<article id=\"post-71\" class=\" learndash-not-available learndash-incomplete thumbnail course post-71 sfwd-courses type-sfwd-courses status-publish has-post-thumbnail hentry ld_course_category-free\">\n\t\t\t\t\t\t\t\t<div class=\"ld_course_grid_price custom\">\n\t\t\t\tYeni\t\t\t<\/div>\n\t\t\t\n\t\t\t\t\t\t<a href=\"http:\/\/akademi.bgmcoaching.com.tr\/index.php\/courses\/email-marketing-strategies\/\" rel=\"bookmark\">\n\t\t\t\t<img width=\"400\" height=\"223\" src=\"http:\/\/akademi.bgmcoaching.com.tr\/wp-content\/uploads\/2019\/05\/course-2-free-img-400x223.jpg\" class=\"attachment-course-thumb size-course-thumb wp-post-image\" alt=\"\" loading=\"lazy\" srcset=\"http:\/\/akademi.bgmcoaching.com.tr\/wp-content\/uploads\/2019\/05\/course-2-free-img-400x223.jpg 400w, http:\/\/akademi.bgmcoaching.com.tr\/wp-content\/uploads\/2019\/05\/course-2-free-img-600x334.jpg 600w, http:\/\/akademi.bgmcoaching.com.tr\/wp-content\/uploads\/2019\/05\/course-2-free-img-300x167.jpg 300w, http:\/\/akademi.bgmcoaching.com.tr\/wp-content\/uploads\/2019\/05\/course-2-free-img-768x428.jpg 768w, http:\/\/akademi.bgmcoaching.com.tr\/wp-content\/uploads\/2019\/05\/course-2-free-img.jpg 1024w\" sizes=\"(max-width: 400px) 100vw, 400px\" \/>\t\t\t<\/a>\n\t\t\t\t\t\n\t\t\t\t\t<div class=\"caption\">\n\t\t\t\t<h3 class=\"entry-title\">Bgm Deneme Kursu<\/h3>\n\t\t\t\t\t\t\t\t<p class=\"entry-content\">In porttitor ipsum eu justo condimentum euismod ullamcorper viverra. <\/p>\n\t\t\t\t\t\t\t\t<p class=\"ld_course_grid_button\"><a class=\"btn btn-primary\" role=\"button\" href=\"http:\/\/akademi.bgmcoaching.com.tr\/index.php\/courses\/email-marketing-strategies\/\" rel=\"bookmark\">Kursu \u0130ncele<\/a><\/p>\n\t\t\t\t\t\t\t\t\t\t\t\t\t\t\t<p><\/p>\n\t\t\t\t\t\t\t\t\t\t\t\t<\/div><!-- .entry-header -->\n\t\t\t<\/article><!-- #post-## -->\n<\/div><!-- .ld_course_grid -->\n<div class=\"ld_course_grid col-sm-8 col-md-4 \">\n\t<article id=\"post-24042\" class=\" learndash-not-available learndash-incomplete thumbnail course post-24042 sfwd-courses type-sfwd-courses status-publish has-post-thumbnail hentry ld_course_category-paid\">\n\t\t\t\t\t\t\t\t<div class=\"ld_course_grid_price custom\">\n\t\t\t\tYeni\t\t\t<\/div>\n\t\t\t\n\t\t\t\t\t\t<a href=\"http:\/\/akademi.bgmcoaching.com.tr\/index.php\/courses\/content-marketing\/\" rel=\"bookmark\">\n\t\t\t\t<img width=\"400\" height=\"223\" src=\"http:\/\/akademi.bgmcoaching.com.tr\/wp-content\/uploads\/2016\/12\/course-3-free-img-400x223.jpg\" class=\"attachment-course-thumb size-course-thumb wp-post-image\" alt=\"\" loading=\"lazy\" srcset=\"http:\/\/akademi.bgmcoaching.com.tr\/wp-content\/uploads\/2016\/12\/course-3-free-img-400x223.jpg 400w, http:\/\/akademi.bgmcoaching.com.tr\/wp-content\/uploads\/2016\/12\/course-3-free-img-600x334.jpg 600w, http:\/\/akademi.bgmcoaching.com.tr\/wp-content\/uploads\/2016\/12\/course-3-free-img-300x167.jpg 300w, http:\/\/akademi.bgmcoaching.com.tr\/wp-content\/uploads\/2016\/12\/course-3-free-img-768x428.jpg 768w, http:\/\/akademi.bgmcoaching.com.tr\/wp-content\/uploads\/2016\/12\/course-3-free-img.jpg 1024w\" sizes=\"(max-width: 400px) 100vw, 400px\" \/>\t\t\t<\/a>\n\t\t\t\t\t\n\t\t\t\t\t<div class=\"caption\">\n\t\t\t\t<h3 class=\"entry-title\">Bgm Deneme Kursu<\/h3>\n\t\t\t\t\t\t\t\t<p class=\"entry-content\">Repellat perspiciatis cum! Doloremque ea viverra eu doloremque.<\/p>\n\t\t\t\t\t\t\t\t<p class=\"ld_course_grid_button\"><a class=\"btn btn-primary\" role=\"button\" href=\"http:\/\/akademi.bgmcoaching.com.tr\/index.php\/courses\/content-marketing\/\" rel=\"bookmark\">Kursu \u0130ncele<\/a><\/p>\n\t\t\t\t\t\t\t\t\t\t\t\t\t\t\t<p><\/p>\n\t\t\t\t\t\t\t\t\t\t\t\t<\/div><!-- .entry-header -->\n\t\t\t<\/article><!-- #post-## -->\n<\/div><!-- .ld_course_grid -->\n<div class=\"ld_course_grid col-sm-8 col-md-4 \">\n\t<article id=\"post-25207\" class=\" learndash-available thumbnail course post-25207 sfwd-courses type-sfwd-courses status-publish hentry\">\n\t\t\t\t\t\n\t\t\t\t\t\t<a href=\"http:\/\/akademi.bgmcoaching.com.tr\/index.php\/courses\/course-example-1\/\" rel=\"bookmark\">\n\t\t\t\t<img alt=\"\" src=\"http:\/\/akademi.bgmcoaching.com.tr\/wp-content\/plugins\/learndash-course-grid\/no_image.jpg\"\/>\n\t\t\t<\/a>\n\t\t\t\t\t\n\t\t\t\t\t<div class=\"caption\">\n\t\t\t\t<h3 class=\"entry-title\">Course Example 1<\/h3>\n\t\t\t\t\t\t\t\t<p class=\"ld_course_grid_button\"><a class=\"btn btn-primary\" role=\"button\" href=\"http:\/\/akademi.bgmcoaching.com.tr\/index.php\/courses\/course-example-1\/\" rel=\"bookmark\">See more...<\/a><\/p>\n\t\t\t\t\t\t\t\t\t\t\t\t\t\t\t<p><\/p>\n\t\t\t\t\t\t\t\t\t\t\t\t<\/div><!-- .entry-header -->\n\t\t\t<\/article><!-- #post-## -->\n<\/div><!-- .ld_course_grid -->\n<div class=\"ld_course_grid col-sm-8 col-md-4 \">\n\t<article id=\"post-25219\" class=\" learndash-available thumbnail course post-25219 sfwd-courses type-sfwd-courses status-publish hentry\">\n\t\t\t\t\t\n\t\t\t\t\t\t<a href=\"http:\/\/akademi.bgmcoaching.com.tr\/index.php\/courses\/deneme-kursu\/\" rel=\"bookmark\">\n\t\t\t\t<img alt=\"\" src=\"http:\/\/akademi.bgmcoaching.com.tr\/wp-content\/plugins\/learndash-course-grid\/no_image.jpg\"\/>\n\t\t\t<\/a>\n\t\t\t\t\t\n\t\t\t\t\t<div class=\"caption\">\n\t\t\t\t<h3 class=\"entry-title\">Deneme Kursu<\/h3>\n\t\t\t\t\t\t\t\t<p class=\"ld_course_grid_button\"><a class=\"btn btn-primary\" role=\"button\" href=\"http:\/\/akademi.bgmcoaching.com.tr\/index.php\/courses\/deneme-kursu\/\" rel=\"bookmark\">See more...<\/a><\/p>\n\t\t\t\t\t\t\t\t\t\t\t\t\t\t\t<p><\/p>\n\t\t\t\t\t\t\t\t\t\t\t\t<\/div><!-- .entry-header -->\n\t\t\t<\/article><!-- #post-## -->\n<\/div><!-- .ld_course_grid -->\n<div class=\"ld_course_grid col-sm-8 col-md-4 \">\n\t<article id=\"post-25230\" class=\" learndash-available thumbnail course post-25230 sfwd-courses type-sfwd-courses status-publish hentry\">\n\t\t\t\t\t\n\t\t\t\t\t\t<a href=\"http:\/\/akademi.bgmcoaching.com.tr\/index.php\/courses\/deneme-kursu-2\/\" rel=\"bookmark\">\n\t\t\t\t<img alt=\"\" src=\"http:\/\/akademi.bgmcoaching.com.tr\/wp-content\/plugins\/learndash-course-grid\/no_image.jpg\"\/>\n\t\t\t<\/a>\n\t\t\t\t\t\n\t\t\t\t\t<div class=\"caption\">\n\t\t\t\t<h3 class=\"entry-title\">DENEME KURSU<\/h3>\n\t\t\t\t\t\t\t\t<p class=\"ld_course_grid_button\"><a class=\"btn btn-primary\" role=\"button\" href=\"http:\/\/akademi.bgmcoaching.com.tr\/index.php\/courses\/deneme-kursu-2\/\" rel=\"bookmark\">See more...<\/a><\/p>\n\t\t\t\t\t\t\t\t\t\t\t\t\t\t\t<p><\/p>\n\t\t\t\t\t\t\t\t\t\t\t\t<\/div><!-- .entry-header -->\n\t\t\t<\/article><!-- #post-## -->\n<\/div><!-- .ld_course_grid -->\n\t<\/div>\n\t\t\t<\/div>\n\t\t<br style='clear:both'><\/div><\/div>\n\t\t\t\t<\/div>\n\t\t\t\t<\/div>\n\t\t\t\t\t<\/div>\n\t\t<\/div>\n\t\t\t\t\t\t\t<\/div>\n\t\t<\/section>\n\t\t\t\t\t\t<\/div>\n\t\t\t\t\t<\/div>\n\t\t","protected":false},"excerpt":{"rendered":"<p>Hesab\u0131m Sana \u00d6nerdi\u011fimiz Di\u011fer Kurslar\u0131m\u0131z<\/p>\n","protected":false},"author":1,"featured_media":0,"parent":0,"menu_order":0,"comment_status":"closed","ping_status":"closed","template":"","meta":[],"_links":{"self":[{"href":"http:\/\/akademi.bgmcoaching.com.tr\/index.php\/wp-json\/wp\/v2\/pages\/324"}],"collection":[{"href":"http:\/\/akademi.bgmcoaching.com.tr\/index.php\/wp-json\/wp\/v2\/pages"}],"about":[{"href":"http:\/\/akademi.bgmcoaching.com.tr\/index.php\/wp-json\/wp\/v2\/types\/page"}],"author":[{"embeddable":true,"href":"http:\/\/akademi.bgmcoaching.com.tr\/index.php\/wp-json\/wp\/v2\/users\/1"}],"replies":[{"embeddable":true,"href":"http:\/\/akademi.bgmcoaching.com.tr\/index.php\/wp-json\/wp\/v2\/comments?post=324"}],"version-history":[{"count":6,"href":"http:\/\/akademi.bgmcoaching.com.tr\/index.php\/wp-json\/wp\/v2\/pages\/324\/revisions"}],"predecessor-version":[{"id":25158,"href":"http:\/\/akademi.bgmcoaching.com.tr\/index.php\/wp-json\/wp\/v2\/pages\/324\/revisions\/25158"}],"wp:attachment":[{"href":"http:\/\/akademi.bgmcoaching.com.tr\/index.php\/wp-json\/wp\/v2\/media?parent=324"}],"curies":[{"name":"wp","href":"https:\/\/api.w.org\/{rel}","templated":true}]}}